{"id":418,"date":"2021-08-16T15:24:09","date_gmt":"2021-08-16T15:24:09","guid":{"rendered":"https:\/\/phisoderm.ca\/?page_id=418"},"modified":"2021-08-16T15:29:05","modified_gmt":"2021-08-16T15:29:05","slug":"disclaimer","status":"publish","type":"page","link":"https:\/\/phisoderm.ca\/fr\/disclaimer\/","title":{"rendered":"Untitled"},"content":{"rendered":"<div class=\"vce-row-container\"><div class=\"vce-row vce-element--has-background vce-row--col-gap-30 vce-row-equal-height vce-row-content--top\" id=\"el-992e1d83\" data-vce-do-apply=\"all el-992e1d83\" data-vce-full-width=\"true\"><div class=\"vce-content-background-container\"><\/div><div class=\"vce-row-content\" data-vce-element-content=\"true\"><div class=\"vce-col vce-col--md-auto vce-col--xs-1 vce-col--xs-last vce-col--xs-first vce-col--sm-last vce-col--sm-first vce-col--md-last vce-col--lg-last vce-col--xl-last vce-col--md-first vce-col--lg-first vce-col--xl-first\" id=\"el-09ce9d93\"><div class=\"vce-col-inner\" data-vce-do-apply=\"border margin background  el-09ce9d93\"><div class=\"vce-col-content\" data-vce-element-content=\"true\" data-vce-do-apply=\"padding el-09ce9d93\"><div class=\"vce-text-block\"><div class=\"vce-text-block-wrapper vce\" id=\"el-ec1be689\" data-vce-do-apply=\"all el-ec1be689\"><h2>Avertissement<\/h2><br><span>The Mentholatum Company of Canada, Ltd. met le pr\u00e9sent site Web au service de la communaut\u00e9 des internautes. Mentholatum ne pr\u00e9tend pas donner de conseils en mati\u00e8re de sant\u00e9 \u00e0 travers ce contenu, qui est fourni \u00e0 des fins \u00e9ducatives seulement. Ces informations ne sont pas destin\u00e9es \u00e0 remplacer les conseils et les soins de m\u00e9decins et de fournisseurs de soins de sant\u00e9.<\/span><br><br><span>Le contenu int\u00e9gral du site Web www.phisoderm.ca est prot\u00e9g\u00e9 par le droit d\u2019auteur et ne peut en aucun cas \u00eatre distribu\u00e9, r\u00e9utilis\u00e9, t\u00e9l\u00e9charg\u00e9, modifi\u00e9 ou reproduit sans l\u2019autorisation \u00e9crite expresse de The Mentholatum Company of Canada, Ltd.<\/span><br><br><span>Tous les utilisateurs conviennent que l\u2019utilisation de ces informations se fait \u00e0 leurs propres risques. Mentholatum ne peut \u00eatre tenu responsable de tout dommage direct ou indirect d\u00e9coulant de l\u2019utilisation, de la disponibilit\u00e9 ou de la non-disponibilit\u00e9 du site www.phisoderm.ca, et n\u2019est aucunement responsable de toute erreur ou omission dans son contenu. Ce site Web peut afficher des liens vers d\u2019autres sites Web n\u2019appartenant pas \u00e0 The Mentholatum Company of Canada, Ltd. Mentholatum n\u2019est pas responsable du contenu de ces sites externes.<\/span><br><br><span>Tous les noms de produits associ\u00e9s \u00e0 Mentholatum, qu\u2019ils soient accompagn\u00e9s ou nom du symbole de marque de commerce, sont des marques de commerce de The Mentholatum Company of Canada Ltd., de ses soci\u00e9t\u00e9s affili\u00e9es, de ses conc\u00e9dants de licences, de ses soci\u00e9t\u00e9s associ\u00e9es ou de ses partenaires en coentreprises. Toute utilisation de ces marques de commerce ou de tout autre document, sauf de la fa\u00e7on autoris\u00e9e aux pr\u00e9sentes, est express\u00e9ment interdite et peut contrevenir \u00e0 la loi sur le droit d\u2019auteur, au droit des marques de commerce, \u00e0 la loi sur la diffamation, \u00e0 la loi sur la protection de la vie priv\u00e9e et sur la publicit\u00e9 ainsi qu\u2019aux r\u00e8glements et aux lois r\u00e9gissant les communications. De plus, veuillez noter que The Mentholatum Company of Canada, Ltd. fait strictement respecter ses droits de propri\u00e9t\u00e9 intellectuelle dans toute la mesure permise par la loi. Les produits et les renseignements sur les produits pr\u00e9sent\u00e9s sur ce site concernent uniquement la distribution au Canada.<\/span><\/div><\/div><\/div><\/div><\/div><\/div><\/div><\/div>","protected":false},"excerpt":{"rendered":"<p>DisclaimerThe Mentholatum Company of Canada, Ltd., offers this website as a service to the Internet community. Mentholatum does not make any health advice claims with this content, which is provided for educational purposes only. This information is not intended to replace the advice and care of physicians and health care providers.All contents of www.phisoderm.ca are&hellip; <a class=\"more-link\" href=\"https:\/\/phisoderm.ca\/fr\/disclaimer\/\" data-no-translation=\"\" data-trp-gettext=\"\">Continue reading <span class=\"screen-reader-text\">Untitled<\/span><\/a><\/p>","protected":false},"author":1,"featured_media":0,"parent":0,"menu_order":0,"comment_status":"closed","ping_status":"closed","template":"","meta":{"footnotes":""},"class_list":["post-418","page","type-page","status-publish","hentry","entry"],"acf":[],"_links":{"self":[{"href":"https:\/\/phisoderm.ca\/fr\/wp-json\/wp\/v2\/pages\/418","targetHints":{"allow":["GET"]}}],"collection":[{"href":"https:\/\/phisoderm.ca\/fr\/wp-json\/wp\/v2\/pages"}],"about":[{"href":"https:\/\/phisoderm.ca\/fr\/wp-json\/wp\/v2\/types\/page"}],"author":[{"embeddable":true,"href":"https:\/\/phisoderm.ca\/fr\/wp-json\/wp\/v2\/users\/1"}],"replies":[{"embeddable":true,"href":"https:\/\/phisoderm.ca\/fr\/wp-json\/wp\/v2\/comments?post=418"}],"version-history":[{"count":0,"href":"https:\/\/phisoderm.ca\/fr\/wp-json\/wp\/v2\/pages\/418\/revisions"}],"wp:attachment":[{"href":"https:\/\/phisoderm.ca\/fr\/wp-json\/wp\/v2\/media?parent=418"}],"curies":[{"name":"wp","href":"https:\/\/api.w.org\/{rel}","templated":true}]}}