{"id":360,"date":"2021-07-31T00:23:44","date_gmt":"2021-07-31T00:23:44","guid":{"rendered":"https:\/\/phisoderm.ca\/?page_id=360"},"modified":"2021-09-14T19:57:19","modified_gmt":"2021-09-14T19:57:19","slug":"phisoderm-clean-blemish-prone-rejuvenating-cleansing-gel","status":"publish","type":"page","link":"https:\/\/phisoderm.ca\/fr\/phisoderm-clean-blemish-prone-rejuvenating-cleansing-gel\/","title":{"rendered":"pHisoderm<sup>MD<\/sup> CLEAN Sujettes aux imperfections"},"content":{"rendered":"<div class=\"vce-row-container\"><div class=\"vce-row vce-element--has-background vce-row--col-gap-30 vce-row-equal-height vce-row-content--middle\" data-vce-full-width=\"true\" id=\"el-e8ded30c\" data-vce-do-apply=\"all el-e8ded30c\"><div class=\"vce-content-background-container\"><div class=\"vce-asset-background-simple-container vce-visible-all-only vce-asset-background-simple--style-full-height vce-asset-background-simple--position-center-bottom\"><div class=\"vce-asset-background-simple\">\n              <div class=\"vce-asset-background-simple-item vcv-lozad\" data-background-image=\"https:\/\/phisoderm.ca\/wp-content\/uploads\/2021\/07\/product-single-bg.png\"><\/div>\n              <noscript>\n                <div class=\"vce-asset-background-simple-item\" style=\"background-image: url(https:\/\/phisoderm.ca\/wp-content\/uploads\/2021\/07\/product-single-bg.png)\"><\/div>\n              <\/noscript>\n            <\/div><\/div><\/div><div class=\"vce-row-content\" data-vce-element-content=\"true\"><div class=\"vce-col vce-col--md-33-34p vce-col--xs-1 vce-col--xs-last vce-col--xs-first vce-col--sm-last vce-col--sm-first vce-col--md-first vce-col--lg-first vce-col--xl-first\" id=\"el-d6086290\"><div class=\"vce-col-inner\" data-vce-do-apply=\"border margin background  el-d6086290\"><div class=\"vce-col-content\" data-vce-element-content=\"true\" data-vce-do-apply=\"padding el-d6086290\"><div class=\"vce-single-image-container vce-single-image--align-left\"><div class=\"vce vce-single-image-wrapper\" id=\"el-b6f31fa2\" data-vce-do-apply=\"all el-b6f31fa2\" data-vce-animate=\"vce-o-animate--fadeInUp\"><figure><div class=\"vce-single-image-inner vce-single-image--absolute\" style=\"padding-bottom: 137.977%; width: 603px;\"><img loading=\"lazy\" decoding=\"async\" class=\"vce-single-image vcv-lozad\" data-src=\"https:\/\/phisoderm.ca\/wp-content\/uploads\/2021\/09\/pHi-Blemish-product-E.png\" width=\"603\" height=\"832\" src=\"\" data-img-src=\"https:\/\/phisoderm.ca\/wp-content\/uploads\/2021\/09\/pHi-Blemish-product-E.png\" alt=\"\" title=\"pHi-Blemish-product-E\" \/><noscript>\n        <img loading=\"lazy\" decoding=\"async\" class=\"vce-single-image\" src=\"https:\/\/phisoderm.ca\/wp-content\/uploads\/2021\/09\/pHi-Blemish-F.png\" width=\"603\" height=\"832\" alt=\"\" title=\"pHi-Blemish-product-E\" \/>\n      <\/noscript><\/div><figcaption hidden=\"\"><\/figcaption><\/figure><\/div><\/div><\/div><\/div><\/div><div class=\"vce-col vce-col--md-66-66p vce-col--xs-1 vce-col--xs-last vce-col--xs-first vce-col--sm-last vce-col--sm-first vce-col--md-last vce-col--lg-last vce-col--xl-last\" id=\"el-cec4445a\"><div class=\"vce-col-inner\" data-vce-do-apply=\"border margin background  el-cec4445a\"><div class=\"vce-content-background-container\"><\/div><div class=\"vce-col-content\" data-vce-element-content=\"true\" data-vce-do-apply=\"padding el-cec4445a\"><div class=\"vce-text-block product-title\"><div class=\"vce-text-block-wrapper vce\" id=\"el-bc4f34e0\" data-vce-do-apply=\"all el-bc4f34e0\" data-vce-animate=\"vce-o-animate--fadeInRight\"><h1><span style=\"font-size: 36pt; font-family: 'book antiqua', palatino, serif;\">pHisoderm<sup>MD<\/sup> CLEAN Sujettes aux imperfections<\/span><\/h1><\/div><\/div><div class=\"vce-text-block product-title\"><div class=\"vce-text-block-wrapper vce\" id=\"el-ecfa9697\" data-vce-do-apply=\"all el-ecfa9697\" data-vce-animate=\"vce-o-animate--fadeInRight-xl vce-o-animate--fadeInRight-lg vce-o-animate--fadeInRight-md vce-o-animate--fadeInRight-sm vce-o-animate--fadeInRight-xs\"><p>Gel nettoyant rajeunissant<\/p><\/div><\/div><\/div><\/div><\/div><\/div><\/div><\/div><div class=\"vce-row-container\"><div class=\"vce-row vce-element--has-background vce-row--col-gap-30 vce-row-equal-height vce-row-content--middle\" data-vce-full-width=\"true\" id=\"el-a1efdb99\" data-vce-do-apply=\"all el-a1efdb99\"><div class=\"vce-content-background-container\"><div class=\"vce-asset-background-simple-container vce-visible-all-only vce-asset-background-simple--style-contain vce-asset-background-simple--position-right-center\"><div class=\"vce-asset-background-simple\">\n              <div class=\"vce-asset-background-simple-item vcv-lozad\" data-background-image=\"https:\/\/phisoderm.ca\/wp-content\/uploads\/2021\/08\/blemish-bg.jpg\"><\/div>\n              <noscript>\n                <div class=\"vce-asset-background-simple-item\" style=\"background-image: url(https:\/\/phisoderm.ca\/wp-content\/uploads\/2021\/08\/blemish-bg.jpg)\"><\/div>\n              <\/noscript>\n            <\/div><\/div><\/div><div class=\"vce-row-content\" data-vce-element-content=\"true\"><div class=\"vce-col vce-col--md-49-97p vce-col--xs-1 vce-col--xs-last vce-col--xs-first vce-col--sm-last vce-col--sm-first vce-col--md-first vce-col--lg-first vce-col--xl-first\" id=\"el-47cf9281\"><div class=\"vce-col-inner\" data-vce-do-apply=\"border margin background  el-47cf9281\"><div class=\"vce-content-background-container\"><\/div><div class=\"vce-col-content\" data-vce-element-content=\"true\" data-vce-do-apply=\"padding el-47cf9281\"><div class=\"vce-text-block quote-text\"><div class=\"vce-text-block-wrapper vce\" id=\"el-e763b7a3\" data-vce-do-apply=\"all el-e763b7a3\" data-vce-animate=\"vce-o-animate--slideInLeft-xl\"><p style=\"line-height: 1.6;\"><span style=\"color: #343433;\"><span style=\"font-size: 34.6667px;\">Une exp\u00e9rience de nettoyage qui associe douceur et efficacit\u00e9, tout en \u00e9liminant toute trace d\u2019impuret\u00e9 et de s\u00e9bum. C\u2019est le gel id\u00e9al pour le maintient du pH de votre peau grasse et pour la pr\u00e9vention de potentielles imperfections.<\/span><\/span><\/p><\/div><\/div><div class=\"vce-text-block\"><div class=\"vce-text-block-wrapper vce\" id=\"el-384594d7\" data-vce-do-apply=\"all el-384594d7\" data-vce-animate=\"vce-o-animate--slideInLeft-lg vce-o-animate--slideInLeft-md\"><p style=\"line-height: 1.5;\"><span style=\"font-size: 17pt; color: #343433;\">Une formule de nettoyage douce et sans parfum, pour que votre peau conserve toutes les huiles naturelles dont elle a besoin. <\/span><\/p><p style=\"line-height: 1.5;\"><span style=\"font-size: 17pt; color: #343433;\">experience that does not strip your <\/span><\/p><p style=\"line-height: 1.5;\"><span style=\"font-size: 17pt;\"><span style=\"color: #343433;\">skin of the natural oils it needs.<\/span> <\/span><\/p><\/div><\/div><div class=\"vce-text-block\"><div class=\"vce-text-block-wrapper vce\" id=\"el-58aba774\" data-vce-do-apply=\"all el-58aba774\" data-vce-animate=\"vce-o-animate--slideInLeft-sm vce-o-animate--slideInLeft-xs\"><p style=\"line-height: 1.5; text-align: center;\"><span style=\"font-size: 18pt; color: #343433;\">Une formule de nettoyage douce et sans parfum, pour que votre peau conserve toutes les huiles naturelles dont elle a besoin. <\/span><span style=\"font-size: 18pt; color: #343433;\">experience that does not strip your <\/span><span style=\"font-size: 18pt;\"><span style=\"color: #343433;\">skin of the natural oils it needs.<\/span> <\/span><\/p><\/div><\/div><\/div><\/div><\/div><div class=\"vce-col vce-col--md-49-97p vce-col--xs-1 vce-col--xs-last vce-col--xs-first vce-col--sm-last vce-col--sm-first vce-col--md-last vce-col--lg-last vce-col--xl-last\" id=\"el-367ab229\"><div class=\"vce-col-inner\" data-vce-do-apply=\"border margin background  el-367ab229\"><div class=\"vce-content-background-container\"><\/div><div class=\"vce-col-content\" data-vce-element-content=\"true\" data-vce-do-apply=\"padding el-367ab229\"><\/div><\/div><\/div><\/div><\/div><\/div><div class=\"vce-row-container\"><div class=\"vce-row vce-element--xl--has-background vce-element--lg--has-background vce-element--md--has-background vce-element--sm--has-background vce-element--xs--has-background vce-row--col-gap-30 vce-row-equal-height vce-row-content--top\" data-vce-full-width=\"true\" id=\"el-f367ef26\" data-vce-do-apply=\"all el-f367ef26\"><div class=\"vce-content-background-container\"><\/div><div class=\"vce-row-content\" data-vce-element-content=\"true\"><div class=\"vce-col vce-col--md-63-55p vce-col--xs-1 vce-col--xs-last vce-col--xs-first vce-col--sm-last vce-col--sm-first vce-col--md-first vce-col--lg-first vce-col--xl-first\" id=\"el-a3fd19b2\"><div class=\"vce-col-inner\" data-vce-do-apply=\"border margin background  el-a3fd19b2\" data-vce-animate=\"vce-o-animate--fadeInLeft\"><div class=\"vce-content-background-container\"><\/div><div class=\"vce-col-content\" data-vce-element-content=\"true\" data-vce-do-apply=\"padding el-a3fd19b2\"><div class=\"vce-text-block product-content-box\"><div class=\"vce-text-block-wrapper vce\" id=\"el-7d1e3c1c\" data-vce-do-apply=\"all el-7d1e3c1c\"><h3>De quoi s\u2019agit-il?<\/h3>\n<p><span style=\"font-size: 18.6667px;\">Un nettoyant sain au pH \u00e9quilibr\u00e9, test\u00e9 par les dermatologues, con\u00e7u gr\u00e2ce \u00e0 une formule \u00e0 base d\u2019acide salicylique, id\u00e9al pour les peaux mixtes, grasses et sujettes aux imperfections.<\/span><\/p>\n<p>&nbsp;<\/p>\n<h3>Pourquoi est-ce sp\u00e9cial?<\/h3>\n<p><span style=\"font-size: 18.6667px;\"><span>Formul\u00e9 \u00e0 base d\u2019une combinaison d\u2019enzyme de papaye (exfoliant naturel) et d\u2019acide salicylique pour \u00e9liminer les cellules mortes de la peau, ce nettoyant moussant et efficace \u00e9claircit votre peau et cache ses imperfections. L\u2019acide hyaluronique agit de mani\u00e8re \u00e0 ressortir l\u2019\u00e9clat de votre peau, tout en maintenant un bon niveau d\u2019hydratation, surtout si votre peau est sujette aux imperfections. pHisoderm<sup>MD<\/sup> est le num\u00e9ro un pour ce qui est de la conservation de l\u2019\u00e9quilibre naturel, de la sant\u00e9, de l\u2019\u00e9clat et de la texture de votre peau. <\/span> <\/span>Hyaluronic Acid helps maintains the right moisture level for blemish-prone skin for a radiant complexion. pHisoderm<sup>\u00ae<\/sup> is the expert in balancing skin to improve the overall health of your skin\u2019s clarity, and texture.<\/p>\n<p>&nbsp;<\/p>\n<h3>O\u00f9 acheter le produit :<\/h3>\n<p style=\"margin-top: 10px; margin-bottom: 25px;\"><a href=\"https:\/\/www.amazon.ca\/pHisoderm-Blemish-Prone-Salicylic-Hyaluronic-Paraben-Free\/dp\/B099KPH34X\/ref=sr_1_6?dchild=1&amp;keywords=phisoderm+clean&amp;qid=1628785409&amp;sr=8-6\" target=\"_blank\" rel=\"noopener\"><img loading=\"lazy\" decoding=\"async\" class=\"alignnone wp-image-160\" src=\"https:\/\/phisoderm.ca\/wp-content\/uploads\/2021\/07\/amazon-btn-fr.png\" alt=\"amazon button\" width=\"259\" height=\"51\" srcset=\"https:\/\/phisoderm.ca\/wp-content\/uploads\/2021\/07\/amazon-btn-fr.png 623w, https:\/\/phisoderm.ca\/wp-content\/uploads\/2021\/07\/amazon-btn-fr-300x42.png 300w, https:\/\/phisoderm.ca\/wp-content\/uploads\/2021\/07\/amazon-btn-fr-18x3.png 18w, https:\/\/phisoderm.ca\/wp-content\/uploads\/2021\/07\/amazon-btn-fr-600x84.png 600w\" sizes=\"auto, (max-width: 259px) 100vw, 259px\" \/><\/a><\/p>\n<p><a href=\"https:\/\/www1.shoppersdrugmart.ca\/en\/home\" target=\"_blank\" rel=\"noopener\"><img loading=\"lazy\" decoding=\"async\" class=\"alignnone wp-image-403\" src=\"https:\/\/phisoderm.ca\/wp-content\/uploads\/2021\/08\/sdm-300x61.png\" alt=\"Shoppers Drug Mart\" width=\"197\" height=\"40\" srcset=\"https:\/\/phisoderm.ca\/wp-content\/uploads\/2021\/08\/sdm-300x61.png 300w, https:\/\/phisoderm.ca\/wp-content\/uploads\/2021\/08\/sdm-18x4.png 18w, https:\/\/phisoderm.ca\/wp-content\/uploads\/2021\/08\/sdm.png 322w\" sizes=\"auto, (max-width: 197px) 100vw, 197px\" \/><\/a>&nbsp; &nbsp; &nbsp; &nbsp; <a href=\"https:\/\/www.rexall.ca\/\" target=\"_blank\" rel=\"noopener\"><img loading=\"lazy\" decoding=\"async\" class=\"alignnone wp-image-402\" src=\"https:\/\/phisoderm.ca\/wp-content\/uploads\/2021\/08\/rexall.png\" alt=\"Rexall\" width=\"118\" height=\"43\" srcset=\"https:\/\/phisoderm.ca\/wp-content\/uploads\/2021\/08\/rexall.png 182w, https:\/\/phisoderm.ca\/wp-content\/uploads\/2021\/08\/rexall-18x7.png 18w\" sizes=\"auto, (max-width: 118px) 100vw, 118px\" \/><\/a><\/p><\/div><\/div><div class=\"vce-text-block product-content-box\"><div class=\"vce-text-block-wrapper vce\" id=\"el-c7c3cbed\" data-vce-do-apply=\"all el-c7c3cbed\"><h3>De quoi s\u2019agit-il?<\/h3>\n<p><span style=\"font-size: 13pt;\">Une formule de nettoyage saine, test\u00e9e par les dermatologues, <\/span><span style=\"font-size: 13pt; background-color: var(--global--color-background); color: var(--global--color-primary); font-family: var(--global--font-secondary);\">au pH \u00e9quilibr\u00e9, et con\u00e7ue pour r\u00e9pondre aux besoins de plusieurs types de peau, <\/span><span style=\"font-size: 13pt;\">en particulier les peaux sensibles souffrant d\u2019affection chronique comme l\u2019ecz\u00e9ma et la rosac\u00e9e, les peaux normales, s\u00e8ches et matures.<\/span><\/p>\n<p>&nbsp;<\/p>\n<h3>Pourquoi est-ce sp\u00e9cial?<\/h3>\n<p class=\" translation-block\"><span>Ce nettoyant l\u00e9ger \u00e0 base d\u2019huile de tournesol, est riche en aloe vera et en vitamine E, pour un nettoyage tout en douceur. Inspir\u00e9 par la nature, Symcalmin<sup>MD<\/sup> apaise, rafraichit et hydrate votre peau. pHisoderm<sup>MD<\/sup> est le num\u00e9ro un pour ce qui est de la conservation de l\u2019\u00e9quilibre naturel, de la sant\u00e9, de la clart\u00e9 et de la texture de votre peau.<\/span><\/p>\n<p>&nbsp;<\/p>\n<h3>O\u00f9 acheter le produit :<\/h3>\n<p style=\"margin-top: 10px;\"><a href=\"#\"><img loading=\"lazy\" decoding=\"async\" class=\"alignnone wp-image-160\" src=\"https:\/\/phisoderm.ca\/wp-content\/uploads\/2021\/07\/amazon-btn-300x59.png\" alt=\"amazon button\" width=\"259\" height=\"51\" srcset=\"https:\/\/phisoderm.ca\/wp-content\/uploads\/2021\/07\/amazon-btn-300x59.png 300w, https:\/\/phisoderm.ca\/wp-content\/uploads\/2021\/07\/amazon-btn.png 440w\" sizes=\"auto, (max-width: 259px) 100vw, 259px\" \/><\/a><\/p>\n<p>&nbsp;<\/p>\n<p><img loading=\"lazy\" decoding=\"async\" class=\"alignnone wp-image-161\" src=\"https:\/\/phisoderm.ca\/wp-content\/uploads\/2021\/07\/sponsor.jpg\" alt=\"shoppers&amp;rexall\" width=\"350\" height=\"43\" srcset=\"https:\/\/phisoderm.ca\/wp-content\/uploads\/2021\/07\/sponsor.jpg 562w, https:\/\/phisoderm.ca\/wp-content\/uploads\/2021\/07\/sponsor-300x37.jpg 300w\" sizes=\"auto, (max-width: 350px) 100vw, 350px\" \/><\/p><\/div><\/div><\/div><\/div><\/div><div class=\"vce-col vce-col--md-36-44p vce-col--xs-1 vce-col--xs-last vce-col--xs-first vce-col--sm-last vce-col--sm-first vce-col--md-last vce-col--lg-last vce-col--xl-last\" id=\"el-92c92a91\"><div class=\"vce-col-inner\" data-vce-do-apply=\"border margin background  el-92c92a91\"><div class=\"vce-col-content\" data-vce-element-content=\"true\" data-vce-do-apply=\"padding el-92c92a91\"><div class=\"vce-raw-html\"><div class=\"vce-raw-html-wrapper\" id=\"el-f6a0d443\" data-vce-do-apply=\"all el-f6a0d443\" data-vce-animate=\"vce-o-animate--fadeInRight\"><div class=\"thing-we-love-box\">\n    <h3>Les atouts :<\/h3>\n    <div class=\"hwlb-item\">\n        <img decoding=\"async\" src=\"https:\/\/phisoderm.ca\/wp-content\/uploads\/2021\/07\/thw-1.png\" alt=\"Fragrance-free\">\n        <span>Natural Ingredients<\/span>\n    <\/div>\n    <div class=\"hwlb-item\">\n        <img decoding=\"async\" src=\"https:\/\/phisoderm.ca\/wp-content\/uploads\/2021\/07\/thw-2.png\" alt=\"Paraben-free\">\n        <span>Sans parab\u00e8ne<\/span>\n    <\/div>\n    <div class=\"hwlb-item\">\n        <img decoding=\"async\" src=\"https:\/\/phisoderm.ca\/wp-content\/uploads\/2021\/07\/thw-3.png\" alt=\"Soap-free\">\n        <span>Sans savon<\/span>\n    <\/div>\n    <div class=\"hwlb-item\">\n        <img decoding=\"async\" src=\"https:\/\/phisoderm.ca\/wp-content\/uploads\/2021\/07\/thw-4.png\" alt=\"Alcohol-free\">\n        <span>Sans alcool<\/span>\n    <\/div>\n    <div class=\"hwlb-item\">\n        <img decoding=\"async\" src=\"https:\/\/phisoderm.ca\/wp-content\/uploads\/2021\/07\/thw-5.png\" alt=\"Mineral oil free\">\n        <span>Sans huiles min\u00e9rales<\/span>\n    <\/div>\n    <div class=\"hwlb-item\">\n        <img decoding=\"async\" src=\"https:\/\/phisoderm.ca\/wp-content\/uploads\/2021\/07\/thw-6.png\" alt=\"Soothing\">\n        <span>Hydratant<\/span>\n    <\/div>\n    <div class=\"hwlb-item\">\n                <img decoding=\"async\" src=\"https:\/\/phisoderm.ca\/wp-content\/uploads\/2021\/07\/thw-8.png\" alt=\"Brightening\">\n        <span>\u00c9claircissant<\/span>\n    <\/div>\n    <div class=\"hwlb-item\">\n        <img decoding=\"async\" src=\"https:\/\/phisoderm.ca\/wp-content\/uploads\/2021\/08\/abcd-icon.png\" alt=\"Nourishing\">\n        <span>Vitamins A, B, C, D<\/span>\n    <\/div>\n<\/div><\/div><\/div><\/div><\/div><\/div><\/div><\/div><\/div>","protected":false},"excerpt":{"rendered":"<p>Rejuvenating cleansing gel A gentle yet effective cleansing experience that removes dirt and oil while maintaining the pH-balance for your oily skin to prevent future blemishes.A fragrance-free, gentle cleansing experience that does not strip your skin of the natural oils it needs. A fragrance-free, gentle cleansing experience that does not strip your skin of the&hellip; <a class=\"more-link\" href=\"https:\/\/phisoderm.ca\/fr\/phisoderm-clean-blemish-prone-rejuvenating-cleansing-gel\/\" data-no-translation=\"\" data-trp-gettext=\"\">Continue reading <span class=\"screen-reader-text\">pHisoderm\u00ae CLEAN Blemish-Prone<\/span><\/a><\/p>","protected":false},"author":1,"featured_media":432,"parent":0,"menu_order":0,"comment_status":"closed","ping_status":"closed","template":"","meta":{"footnotes":""},"class_list":["post-360","page","type-page","status-publish","has-post-thumbnail","hentry","entry"],"acf":[],"_links":{"self":[{"href":"https:\/\/phisoderm.ca\/fr\/wp-json\/wp\/v2\/pages\/360","targetHints":{"allow":["GET"]}}],"collection":[{"href":"https:\/\/phisoderm.ca\/fr\/wp-json\/wp\/v2\/pages"}],"about":[{"href":"https:\/\/phisoderm.ca\/fr\/wp-json\/wp\/v2\/types\/page"}],"author":[{"embeddable":true,"href":"https:\/\/phisoderm.ca\/fr\/wp-json\/wp\/v2\/users\/1"}],"replies":[{"embeddable":true,"href":"https:\/\/phisoderm.ca\/fr\/wp-json\/wp\/v2\/comments?post=360"}],"version-history":[{"count":0,"href":"https:\/\/phisoderm.ca\/fr\/wp-json\/wp\/v2\/pages\/360\/revisions"}],"wp:featuredmedia":[{"embeddable":true,"href":"https:\/\/phisoderm.ca\/fr\/wp-json\/wp\/v2\/media\/432"}],"wp:attachment":[{"href":"https:\/\/phisoderm.ca\/fr\/wp-json\/wp\/v2\/media?parent=360"}],"curies":[{"name":"wp","href":"https:\/\/api.w.org\/{rel}","templated":true}]}}