{"id":3,"date":"2021-07-16T11:59:44","date_gmt":"2021-07-16T11:59:44","guid":{"rendered":"https:\/\/phisoderm.ca\/?page_id=3"},"modified":"2021-08-16T20:16:59","modified_gmt":"2021-08-16T20:16:59","slug":"privacy-policy","status":"publish","type":"page","link":"https:\/\/phisoderm.ca\/fr\/privacy-policy\/","title":{"rendered":"Untitled"},"content":{"rendered":"<div class=\"vce-row-container\"><div class=\"vce-row vce-element--has-background vce-row--col-gap-30 vce-row-equal-height vce-row-content--top vcv-state--show-resizer\" data-vce-full-width=\"true\" id=\"el-14cfbf33\" data-vce-do-apply=\"all el-14cfbf33\"><div class=\"vce-content-background-container\"><\/div><div class=\"vce-row-content\" data-vce-element-content=\"true\"><div class=\"vce-col vce-col--md-auto vce-col--xs-1 vce-col--xs-last vce-col--xs-first vce-col--sm-last vce-col--sm-first vce-col--md-last vce-col--lg-last vce-col--xl-last vce-col--md-first vce-col--lg-first vce-col--xl-first\" id=\"el-34a9d43b\"><div class=\"vce-col-inner\" data-vce-do-apply=\"border margin background  el-34a9d43b\"><div class=\"vce-col-content\" data-vce-element-content=\"true\" data-vce-do-apply=\"padding el-34a9d43b\"><div class=\"vce-text-block\"><div class=\"vce-text-block-wrapper vce\" id=\"el-2bfd661d\" data-vce-do-apply=\"all el-2bfd661d\"><h2>Politique de confidentialit\u00e9<\/h2>\n<p>&nbsp;<\/p>\n<p>Merci d\u2019avoir visit\u00e9 le site Web de The\u00a0Mentholatum\u00a0Company\u00a0of\u00a0Canada,\u00a0Ltd.,\nwww.phisoderm.ca, et d\u2019avoir pris connaissance\nde notre politique de confidentialit\u00e9.<\/p>\n<p>&nbsp;<\/p>\n<p>Chez The\u00a0Mentholatum\u00a0Company\u00a0of\u00a0Canada,\u00a0Ltd., nous respectons votre droit \u00e0 la vie priv\u00e9e et ne recueillerons aucun renseignement personnel\nvous concernant lorsque vous visitez notre site\nWeb, \u00e0 moins que vous ne nous les fournissiez en remplissant notre formulaire \u00ab\u00a0Communiquer\navec nous\u00a0\u00bb ou notre formulaire de demande de\ncoupons et que vous nous le transmettiez par\nnotre site Web.<\/p>\n<p>&nbsp;<\/p>\n<p>Nous utilisons les renseignements personnels\nuniquement pour r\u00e9pondre \u00e0 votre message et\n\u00e9valuer l\u2019utilisation que vous faites de nos\nproduits. Les informations que vous fournissez ne seront ni divulgu\u00e9es, ni vendues, ni transf\u00e9r\u00e9es de quelque mani\u00e8re que ce soit \u00e0 l\u2019ext\u00e9rieur de la soci\u00e9t\u00e9.<\/p>\n<p>company.<\/p>\n<p>&nbsp;<\/p>\n<p>Nous croyons qu\u2019il est important de prot\u00e9ger la\nvie priv\u00e9e des enfants en ligne et nous ne\nrecueillons pas sciemment de renseignements\npersonnels les concernant. Si vous avez moins de 13\u00a0ans, vous ne devez en aucun cas nous\ntransmettre de renseignements personnels vous\nconcernant sans le consentement de vos parents ou si vous n\u2019\u00eates pas sous la surveillance de ceux-ci.<\/p>\n<p>&nbsp;<\/p>\n<p>Si vous avez des questions ou des commentaires, veuillez communiquer avec notre responsable de la protection des renseignements personnels,\nHeather\u00a0McCluckie, \u00e0 l\u2019adresse\nhmccluckie@mentholatum.on.ca ou \u00e9crivez-nous \u00e0 l\u2019adresse suivante\u00a0:<\/p>\n<p>&nbsp;<\/p>\n<p>The Mentholatum Company of Canada, Ltd.<\/p>\n<p>45 Hannover Drive, Unit #2<\/p>\n<p>St. Catharines, ON, Canada L2W 1A3<\/p>\n<p>\u00c0 l\u2019attention de\u00a0: Responsable de la protection\ndes renseignements personnels<\/p><\/div><\/div><\/div><\/div><\/div><\/div><\/div><\/div>","protected":false},"excerpt":{"rendered":"<p>Privacy Policy &nbsp; Thank you for visiting The Mentholatum Company of Canada, Ltd., website www.phisoderm.ca and reviewing our privacy policy. &nbsp; The Mentholatum Company of Canada, Ltd., respects your right to privacy and will not collect personal information about you when you visit our website unless you provide it by completing our Contact Us form&hellip; <a class=\"more-link\" href=\"https:\/\/phisoderm.ca\/fr\/privacy-policy\/\" data-no-translation=\"\" data-trp-gettext=\"\">Continue reading <span class=\"screen-reader-text\">Untitled<\/span><\/a><\/p>","protected":false},"author":1,"featured_media":0,"parent":0,"menu_order":0,"comment_status":"closed","ping_status":"open","template":"","meta":{"footnotes":""},"class_list":["post-3","page","type-page","status-publish","hentry","entry"],"acf":[],"_links":{"self":[{"href":"https:\/\/phisoderm.ca\/fr\/wp-json\/wp\/v2\/pages\/3","targetHints":{"allow":["GET"]}}],"collection":[{"href":"https:\/\/phisoderm.ca\/fr\/wp-json\/wp\/v2\/pages"}],"about":[{"href":"https:\/\/phisoderm.ca\/fr\/wp-json\/wp\/v2\/types\/page"}],"author":[{"embeddable":true,"href":"https:\/\/phisoderm.ca\/fr\/wp-json\/wp\/v2\/users\/1"}],"replies":[{"embeddable":true,"href":"https:\/\/phisoderm.ca\/fr\/wp-json\/wp\/v2\/comments?post=3"}],"version-history":[{"count":0,"href":"https:\/\/phisoderm.ca\/fr\/wp-json\/wp\/v2\/pages\/3\/revisions"}],"wp:attachment":[{"href":"https:\/\/phisoderm.ca\/fr\/wp-json\/wp\/v2\/media?parent=3"}],"curies":[{"name":"wp","href":"https:\/\/api.w.org\/{rel}","templated":true}]}}