{"id":20,"date":"2021-07-18T17:05:33","date_gmt":"2021-07-18T17:05:33","guid":{"rendered":"https:\/\/phisoderm.ca\/?page_id=20"},"modified":"2024-02-28T19:15:33","modified_gmt":"2024-02-28T19:15:33","slug":"contact","status":"publish","type":"page","link":"https:\/\/phisoderm.ca\/fr\/contact\/","title":{"rendered":"Contact"},"content":{"rendered":"<div class=\"vce-row-container\"><div class=\"vce-row vce-element--xl--has-background vce-element--lg--has-background vce-element--md--has-background vce-element--sm--has-background vce-element--xs--has-background vce-row--col-gap-0 vce-row-equal-height vce-row-content--middle\" data-vce-full-width=\"true\" id=\"el-3bd1e631\" data-vce-do-apply=\"all el-3bd1e631\"><div class=\"vce-content-background-container\"><\/div><div class=\"vce-row-content\" data-vce-element-content=\"true\"><div class=\"vce-col vce-col--md-auto vce-col--xs-1 vce-col--xs-last vce-col--xs-first vce-col--sm-last vce-col--sm-first vce-col--md-first vce-col--lg-first vce-col--xl-first\" id=\"el-6aa3f0d7\"><div class=\"vce-col-inner\" data-vce-do-apply=\"border margin background  el-6aa3f0d7\"><div class=\"vce-content-background-container\"><\/div><div class=\"vce-col-content\" data-vce-element-content=\"true\" data-vce-do-apply=\"padding el-6aa3f0d7\"><div class=\"vce-text-block\" id=\"cntct\"><div class=\"vce-text-block-wrapper vce\" id=\"el-28946363\" data-vce-do-apply=\"all el-28946363\"><h1>Communiquer avec nous<\/h1><p style=\"line-height: 1.5;\"><span style=\"font-size: 15pt; color: #343433;\">Des questions? Des pr\u00e9occupations? N\u2019h\u00e9sitez pas \u00e0 nous contacter d\u00e8s aujourd\u2019hui.<\/span><\/p><\/div><\/div><div class=\"vce-text-block contact-info\"><div class=\"vce-text-block-wrapper vce\" id=\"el-5cfb18d9\" data-vce-do-apply=\"all el-5cfb18d9\"><h5 style=\"line-height: 1.75;\"><img loading=\"lazy\" decoding=\"async\" class=\"alignnone wp-image-137\" src=\"https:\/\/phisoderm.ca\/wp-content\/uploads\/2021\/07\/@icon.png\" alt=\"emaol\" width=\"25\" height=\"26\"> ADRESSE E-MAIL<\/h5><p style=\"line-height: 1.75;\"><span style=\"color: #343433;\"><a style=\"color: #343433;\" href=\"mailto:consumerinquiries@mentholatum.on.ca\"><span style=\"font-size: 14pt;\">consumerinquiries@mentholatum.on.ca<\/span><\/a><\/span><\/p><\/div><\/div><div class=\"vce-text-block contact-info\"><div class=\"vce-text-block-wrapper vce\" id=\"el-06668b7a\" data-vce-do-apply=\"all el-06668b7a\"><h5 style=\"line-height: 1.75;\"><img loading=\"lazy\" decoding=\"async\" class=\"alignnone wp-image-138\" src=\"https:\/\/phisoderm.ca\/wp-content\/uploads\/2021\/07\/email.png\" alt=\"address\" width=\"22\" height=\"20\">&nbsp; ADRESSE POSTALE<\/h5><p style=\"line-height: 1.75;\"><span style=\"font-size: 14pt; color: #343433;\">\u00c0 l\u2019attention de : Service \u00e0 la client\u00e8le<\/span><\/p><p style=\"line-height: 1.75;\"><span style=\"font-size: 14pt; color: #343433;\">The Mentholatum Company<\/span><\/p><p style=\"line-height: 1.75;\"><span style=\"font-size: 14pt; color: #343433;\">110 Hannover Drive, Unit 205B<\/span><\/p><p style=\"line-height: 1.75;\"><span style=\"font-size: 14pt; color: #343433;\">St. Catharines, ON L2W1A4<\/span><\/p><\/div><\/div><div class=\"vce-text-block contact-info\"><div class=\"vce-text-block-wrapper vce\" id=\"el-2514efa6\" data-vce-do-apply=\"all el-2514efa6\"><h5 style=\"line-height: 1.75;\"><img loading=\"lazy\" decoding=\"async\" class=\"alignnone wp-image-139\" src=\"https:\/\/phisoderm.ca\/wp-content\/uploads\/2021\/07\/phone.png\" alt=\"PHone\" width=\"22\" height=\"22\"> T\u00c9L\u00c9PHONE<\/h5><p style=\"line-height: 1.75;\"><a style=\"text-decoration: none;\" href=\"callto:18006637246\"><span style=\"color: #343433;\">1-800-663-7246<\/span><\/a><\/p><\/div><\/div><\/div><\/div><\/div><div class=\"vce-col vce-col--md-auto vce-col--xs-1 vce-col--xs-last vce-col--xs-first vce-col--sm-last vce-col--sm-first vce-col--md-last vce-col--lg-last vce-col--xl-last\" id=\"el-88f7e41c\"><div class=\"vce-col-inner\" data-vce-do-apply=\"border margin background  el-88f7e41c\"><div class=\"vce-content-background-container\"><\/div><div class=\"vce-col-content\" data-vce-element-content=\"true\" data-vce-do-apply=\"padding el-88f7e41c\"><div class=\"vce-google-maps google_maps vce-google-maps--align-left\"><div class=\"vce-google-maps-wrapper vce vce-google-maps--width-custom vce-google-maps--height-custom\" id=\"el-1a8600fa\" data-vce-do-apply=\"all el-1a8600fa\" data-vce-animate=\"vce-o-animate--slideInRight-xl vce-o-animate--slideInRight-lg vce-o-animate--slideInRight-md\" style=\"width: 50vw; height: 50vw;\"><div class=\"vce-google-maps-inner\"><iframe src=\"https:\/\/www.google.com\/maps\/embed?pb=!1m18!1m12!1m3!1d46555.98560125712!2d-79.31109262133774!3d43.17279049138115!2m3!1f0!2f0!3f0!3m2!1i1024!2i768!4f13.1!3m3!1m2!1s0x89d3517768e85b61%3A0xb68ea7aaa8f4edea!2sThe%20Mentholatum%20Company!5e0!3m2!1sen!2sbd!4v1626696853802!5m2!1sen!2sbd\" frameborder=\"0\" style=\"border: 0px; pointer-events: none;\" allowfullscreen=\"\"><\/iframe><\/div><\/div><\/div><div class=\"vce-google-maps vce-google-maps--align-left\"><div class=\"vce-google-maps-wrapper vce vce-google-maps--width-custom vce-google-maps--height-custom\" id=\"el-dc489043\" data-vce-do-apply=\"all el-dc489043\" data-vce-animate=\"vce-o-animate--slideInRight-sm vce-o-animate--slideInRight-xs\" style=\"width: 100vw; height: 100vw;\"><div class=\"vce-google-maps-inner\"><iframe src=\"https:\/\/www.google.com\/maps\/embed?pb=!1m18!1m12!1m3!1d46555.98560125712!2d-79.31109262133774!3d43.17279049138115!2m3!1f0!2f0!3f0!3m2!1i1024!2i768!4f13.1!3m3!1m2!1s0x89d3517768e85b61%3A0xb68ea7aaa8f4edea!2sThe%20Mentholatum%20Company!5e0!3m2!1sen!2sbd!4v1626696853802!5m2!1sen!2sbd\" frameborder=\"0\" style=\"border: 0px; pointer-events: none;\" allowfullscreen=\"\"><\/iframe><\/div><\/div><\/div><\/div><\/div><\/div><\/div><\/div><\/div>","protected":false},"excerpt":{"rendered":"<p>Contact UsQuestions? Concerns? Feel free to reach out to us today. EMAIL ADDRESSconsumerinquiries@mentholatum.on.ca&nbsp; MAILING ADDRESSAtt: Customer ServiceThe Mentholatum Company110 Hannover Drive, Unit 205BSt. Catharines, ON L2W1A4 PHONE1-800-663-7246<\/p>","protected":false},"author":1,"featured_media":0,"parent":0,"menu_order":0,"comment_status":"closed","ping_status":"closed","template":"","meta":{"footnotes":""},"class_list":["post-20","page","type-page","status-publish","hentry","entry"],"acf":[],"_links":{"self":[{"href":"https:\/\/phisoderm.ca\/fr\/wp-json\/wp\/v2\/pages\/20","targetHints":{"allow":["GET"]}}],"collection":[{"href":"https:\/\/phisoderm.ca\/fr\/wp-json\/wp\/v2\/pages"}],"about":[{"href":"https:\/\/phisoderm.ca\/fr\/wp-json\/wp\/v2\/types\/page"}],"author":[{"embeddable":true,"href":"https:\/\/phisoderm.ca\/fr\/wp-json\/wp\/v2\/users\/1"}],"replies":[{"embeddable":true,"href":"https:\/\/phisoderm.ca\/fr\/wp-json\/wp\/v2\/comments?post=20"}],"version-history":[{"count":0,"href":"https:\/\/phisoderm.ca\/fr\/wp-json\/wp\/v2\/pages\/20\/revisions"}],"wp:attachment":[{"href":"https:\/\/phisoderm.ca\/fr\/wp-json\/wp\/v2\/media?parent=20"}],"curies":[{"name":"wp","href":"https:\/\/api.w.org\/{rel}","templated":true}]}}