{"id":18,"date":"2021-07-18T17:05:25","date_gmt":"2021-07-18T17:05:25","guid":{"rendered":"https:\/\/phisoderm.ca\/?page_id=18"},"modified":"2021-08-11T18:34:33","modified_gmt":"2021-08-11T18:34:33","slug":"faq","status":"publish","type":"page","link":"https:\/\/phisoderm.ca\/fr\/faq\/","title":{"rendered":"FAQ"},"content":{"rendered":"<div class=\"vce-row-container\"><div class=\"vce-row vce-element--has-background vce-row--col-gap-30 vce-row-equal-height vce-row-content--top vcv-state--show-resizer\" data-vce-full-width=\"true\" id=\"el-26dfec3a\" data-vce-do-apply=\"all el-26dfec3a\"><div class=\"vce-content-background-container\"><\/div><div class=\"vce-row-content\" data-vce-element-content=\"true\"><div class=\"vce-col vce-col--md-auto vce-col--xs-1 vce-col--xs-last vce-col--xs-first vce-col--sm-last vce-col--sm-first vce-col--md-last vce-col--lg-last vce-col--xl-last vce-col--md-first vce-col--lg-first vce-col--xl-first\" id=\"el-af848b49\"><div class=\"vce-col-inner\" data-vce-do-apply=\"border margin background  el-af848b49\"><div class=\"vce-col-content\" data-vce-element-content=\"true\" data-vce-do-apply=\"padding el-af848b49\"><div class=\"vce-text-block\"><div class=\"vce-text-block-wrapper vce\" id=\"el-d7c175f2\" data-vce-do-apply=\"all el-d7c175f2\"><h2 style=\"text-align: center;\">FAQ<\/h2><\/div><\/div><\/div><\/div><\/div><\/div><\/div><\/div><div class=\"vce-row-container\"><div class=\"vce-row vce-element--has-background vce-row--col-gap-30 vce-row-equal-height vce-row-content--top\" data-vce-full-width=\"true\" id=\"el-9651afc2\" data-vce-do-apply=\"all el-9651afc2\"><div class=\"vce-content-background-container\"><\/div><div class=\"vce-row-content\" data-vce-element-content=\"true\"><div class=\"vce-col vce-col--md-16-66p vce-col--xs-1 vce-col--xs-last vce-col--xs-first vce-col--sm-last vce-col--sm-first vce-col--md-first vce-col--lg-first vce-col--xl-first\" id=\"el-07ca1450\"><div class=\"vce-col-inner\" data-vce-do-apply=\"border margin background  el-07ca1450\"><div class=\"vce-content-background-container\"><\/div><div class=\"vce-col-content\" data-vce-element-content=\"true\" data-vce-do-apply=\"padding el-07ca1450\"><\/div><\/div><\/div><div class=\"vce-col vce-col--md-66-66p vce-col--xs-1 vce-col--xs-last vce-col--xs-first vce-col--sm-last vce-col--sm-first\" id=\"el-9ed65b03\"><div class=\"vce-col-inner\" data-vce-do-apply=\"border margin background  el-9ed65b03\" id=\"faq\"><div class=\"vce-content-background-container\"><\/div><div class=\"vce-col-content\" data-vce-element-content=\"true\" data-vce-do-apply=\"padding el-9ed65b03\"><div class=\"vce-faq-toggle vce-faq-toggle-color--fff vce-faq-toggle-shape-color--b-97-104-62\"><div class=\"vce-faq-toggle-wrapper vce\" id=\"el-58c98520\" data-vce-do-apply=\"margin padding border background  el-58c98520\"><div class=\"vce-faq-toggle-inner\"><div class=\"vce-faq-toggle-title\"><h4 class=\"vce-faq-toggle-title-text\"><i class=\"vce-faq-toggle-icon\"><\/i>Quel nettoyant du visage est adapt\u00e9 \u00e0 mon type de peau?<\/h4><\/div><div class=\"vce-faq-toggle-text-block\"><a href=\"https:\/\/phisoderm.ca\/fr\/phisoderm-clean-blemish-prone-rejuvenating-cleansing-gel\/\">pHisoderm<sup>\u00ae<\/sup> pHisoderm<sup>MD<\/sup> CLEAN<\/a>&nbsp;Sujettes aux imperfections est id\u00e9al pour les peaux mixtes, grasses et \u00e0 tendance acn\u00e9ique.<br><br><a href=\"https:\/\/phisoderm.ca\/fr\/phisoderm-clean-sensitive-skin-soothing-cream-cleanser\/\">pHisoderm<sup>\u00ae<\/sup> pHisoderm<sup>MD<\/sup> CLEAN<\/a>&nbsp;peau sensible est id\u00e9al pour les peaux normales, s\u00e8ches, facilement irritables et sensibles. C\u2019est aussi le nettoyant id\u00e9al si vous souffrez d\u2019affections cutan\u00e9es comme l\u2019ecz\u00e9ma ou la rosac\u00e9e.<\/div><\/div><\/div><\/div><div class=\"vce-faq-toggle vce-faq-toggle-color--fff vce-faq-toggle-shape-color--b-97-104-62\"><div class=\"vce-faq-toggle-wrapper vce\" id=\"el-abdf9733\" data-vce-do-apply=\"margin padding border background  el-abdf9733\"><div class=\"vce-faq-toggle-inner\"><div class=\"vce-faq-toggle-title\"><h4 class=\"vce-faq-toggle-title-text\"><i class=\"vce-faq-toggle-icon\"><\/i>La vitamine E est-elle bonne pour la peau?<\/h4><\/div><div class=\"vce-faq-toggle-text-block translation-block\">La vitamine E favorise l\u2019hydratation des peaux s\u00e8ches et irrit\u00e9es. En raison de son activit\u00e9 antioxydante, la vitamine E est n\u00e9cessaire pour prot\u00e9ger les cellules de la peau contre les rayons ultraviolets, la pollution et d\u2019autres \u00e9l\u00e9ments qui produisent des radicaux libres dangereux pour les cellules. Il semblerait que les radicaux libres jouent un r\u00f4le important dans le vieillissement de la peau, ce qui rend l\u2019activit\u00e9 antioxydante de la vitamine E tr\u00e8s pr\u00e9cieuse pour pr\u00e9server l\u2019aspect optimal de la peau. Si vous \u00eates \u00e0 la recherche d\u2019un nettoyant contenant de la vitamine E, pHisoderm<sup>MD<\/sup> CLEAN Peau sensible est ce qu\u2019il vous faut.<\/div><\/div><\/div><\/div><div class=\"vce-faq-toggle vce-faq-toggle-color--fff vce-faq-toggle-shape-color--b-97-104-62\"><div class=\"vce-faq-toggle-wrapper vce\" id=\"el-84d4f201\" data-vce-do-apply=\"margin padding border background  el-84d4f201\"><div class=\"vce-faq-toggle-inner\"><div class=\"vce-faq-toggle-title\"><h4 class=\"vce-faq-toggle-title-text\"><i class=\"vce-faq-toggle-icon\"><\/i>Quel est le r\u00f4le de l\u2019acide salicylique?<\/h4><\/div><div class=\"vce-faq-toggle-text-block translation-block\">L\u2019acide salicylique permet de d\u00e9barrasser la peau des cellules mortes qui obstruent les pores et provoquent l\u2019acn\u00e9. C\u2019est un acide b\u00eata-hydroxyl\u00e9 (BHA) qui exfolie et d\u00e9barrasse vos pores des exc\u00e8s de s\u00e9bum et des impuret\u00e9s. Le gel nettoyant pHisoderm<sup>MD<\/sup> CLEAN Sujettes aux imperfections est encore plus int\u00e9ressant parce qu\u2019il contient une quantit\u00e9 \u00e9quilibr\u00e9e d\u2019acide salicylique, ainsi que d\u2019autres ingr\u00e9dients qui att\u00e9nuent et r\u00e9duisent les rougeurs visibles sur votre peau.<\/div><\/div><\/div><\/div><div class=\"vce-faq-toggle vce-faq-toggle-color--fff vce-faq-toggle-shape-color--b-97-104-62\"><div class=\"vce-faq-toggle-wrapper vce\" id=\"el-7a4085aa\" data-vce-do-apply=\"margin padding border background  el-7a4085aa\"><div class=\"vce-faq-toggle-inner\"><div class=\"vce-faq-toggle-title\"><h4 class=\"vce-faq-toggle-title-text\"><i class=\"vce-faq-toggle-icon\"><\/i>Quel nettoyant contient de l\u2019acide salicylique?<\/h4><\/div><div class=\"vce-faq-toggle-text-block translation-block\">pHisoderm<sup>MD<\/sup> CLEAN Sujettes aux imperfections contient de l\u2019acide salicylique.<\/div><\/div><\/div><\/div><div class=\"vce-faq-toggle vce-faq-toggle-color--fff vce-faq-toggle-shape-color--b-97-104-62\"><div class=\"vce-faq-toggle-wrapper vce\" id=\"el-d4fa714f\" data-vce-do-apply=\"margin padding border background  el-d4fa714f\"><div class=\"vce-faq-toggle-inner\"><div class=\"vce-faq-toggle-title\"><h4 class=\"vce-faq-toggle-title-text\"><i class=\"vce-faq-toggle-icon\"><\/i>Vos nettoyants sont-ils sans cruaut\u00e9 animale?<\/h4><\/div><div class=\"vce-faq-toggle-text-block translation-block\">Tous les nettoyants pHisoderm<sup>MD<\/sup> CLEAN ne contiennent aucune trace de produits ou de sous-produits animaux. pHisoderm<sup>MD<\/sup> est sans cruaut\u00e9 animale.<\/div><\/div><\/div><\/div><div class=\"vce-faq-toggle vce-faq-toggle-color--fff vce-faq-toggle-shape-color--b-97-104-62\"><div class=\"vce-faq-toggle-wrapper vce\" id=\"el-4f3a713e\" data-vce-do-apply=\"margin padding border background  el-4f3a713e\"><div class=\"vce-faq-toggle-inner\"><div class=\"vce-faq-toggle-title\"><h4 class=\"vce-faq-toggle-title-text\"><i class=\"vce-faq-toggle-icon\"><\/i>Vos nettoyants sont-ils v\u00e9g\u00e9taliens?<\/h4><\/div><div class=\"vce-faq-toggle-text-block translation-block\">Tous les nettoyants pHisoderm<sup>MD<\/sup> CLEAN ne contiennent aucune trace de produits ou de sous-produits d\u2019origine animale.<\/div><\/div><\/div><\/div><div class=\"vce-faq-toggle vce-faq-toggle-color--fff vce-faq-toggle-shape-color--b-97-104-62\"><div class=\"vce-faq-toggle-wrapper vce\" id=\"el-6712b1c5\" data-vce-do-apply=\"margin padding border background  el-6712b1c5\"><div class=\"vce-faq-toggle-inner\"><div class=\"vce-faq-toggle-title\"><h4 class=\"vce-faq-toggle-title-text\"><i class=\"vce-faq-toggle-icon\"><\/i>Vos nettoyants sont-ils sans gluten?<\/h4><\/div><div class=\"vce-faq-toggle-text-block\"><p data-pm-slice=\"1 1 [&quot;list&quot;,{},&quot;list_item&quot;,{&quot;indent&quot;:2,&quot;type&quot;:&quot;bulleted&quot;}]\" class=\" translation-block\">pHisoderm<sup>MD<\/sup> CLEAN Peau sensible est sans gluten.<\/p><\/div><\/div><\/div><\/div><div class=\"vce-faq-toggle vce-faq-toggle-color--fff vce-faq-toggle-shape-color--b-97-104-62\"><div class=\"vce-faq-toggle-wrapper vce\" id=\"el-b340ffae\" data-vce-do-apply=\"margin padding border background  el-b340ffae\"><div class=\"vce-faq-toggle-inner\"><div class=\"vce-faq-toggle-title\"><h4 class=\"vce-faq-toggle-title-text\"><i class=\"vce-faq-toggle-icon\"><\/i>Une barre de savon est-elle meilleure qu\u2019un nettoyant pour le visage?<\/h4><\/div><div class=\"vce-faq-toggle-text-block\"><p>Bien que la plupart des astuces de grands-m\u00e8res encouragent l\u2019usage de savon classique pour se laver le visage, ce n\u2019est tout simplement pas la meilleure solution.La plupart des barres de savon ont un pH de 9 \u00e0 10. Les shampoings, quant \u00e0 eux, ne sont que l\u00e9g\u00e8rement meilleurs, avec un pH de 6 \u00e0 7.Votre peau est saine si elle pr\u00e9sente un pH de 5,5, et laver votre visage avec un produit aussi alcalin (pH \u00e9lev\u00e9) peut dess\u00e9cher excessivement votre peau, \u00e9liminer les huiles essentielles n\u00e9cessaires \u00e0 sa clart\u00e9 et \u00e0 sa sant\u00e9.<\/p><\/div><\/div><\/div><\/div><div class=\"vce-faq-toggle vce-faq-toggle-color--fff vce-faq-toggle-shape-color--b-97-104-62\"><div class=\"vce-faq-toggle-wrapper vce\" id=\"el-fb80d32c\" data-vce-do-apply=\"margin padding border background  el-fb80d32c\"><div class=\"vce-faq-toggle-inner\"><div class=\"vce-faq-toggle-title\"><h4 class=\"vce-faq-toggle-title-text\"><i class=\"vce-faq-toggle-icon\"><\/i>Faut-il que les produits de soins de la peau soient parfum\u00e9s?<\/h4><\/div><div class=\"vce-faq-toggle-text-block translation-block\">Les parfums sont l\u2019une des principales causes d\u2019allergies cutan\u00e9es. Si vous avez la peau sensible, optez pour un nettoyant sans parfum, comme pHisoderm<sup>MD<\/sup> CLEAN Peau sensible.<\/div><\/div><\/div><\/div><div class=\"vce-faq-toggle vce-faq-toggle-color--fff vce-faq-toggle-shape-color--b-97-104-62\"><div class=\"vce-faq-toggle-wrapper vce\" id=\"el-08493152\" data-vce-do-apply=\"margin padding border background  el-08493152\"><div class=\"vce-faq-toggle-inner\"><div class=\"vce-faq-toggle-title\"><h4 class=\"vce-faq-toggle-title-text\"><i class=\"vce-faq-toggle-icon\"><\/i>L\u2019acide hyaluronique est-il bon pour lutter contre l\u2019acn\u00e9?<\/h4><\/div><div class=\"vce-faq-toggle-text-block translation-block\">Quel que soit votre type de peau, m\u00eame celle \u00e0 tendance acn\u00e9ique, l\u2019acide hyaluronique est un excellent moyen de la garder lisse et hydrat\u00e9e. Il peut aider \u00e0 r\u00e9duire les rougeurs de la peau et \u00e0 prot\u00e9ger sa barri\u00e8re lipidique naturelle, pour \u00e9viter qu\u2019elle ne soit trop s\u00e8che; une peau trop s\u00e8che favorise l\u2019acn\u00e9. L\u2019Hyaloveil<sup>MD<\/sup> (acide hyaluronique), contenu dans pHisoderm<sup>MD<\/sup> CLEAN Sujettes aux imperfections, adh\u00e8re \u00e0 la peau m\u00eame apr\u00e8s le rin\u00e7age et renforce la r\u00e9tention d\u2019eau.<\/div><\/div><\/div><\/div><div class=\"vce-faq-toggle vce-faq-toggle-color--fff vce-faq-toggle-shape-color--b-97-104-62\"><div class=\"vce-faq-toggle-wrapper vce\" id=\"el-bed7d48c\" data-vce-do-apply=\"margin padding border background  el-bed7d48c\"><div class=\"vce-faq-toggle-inner\"><div class=\"vce-faq-toggle-title\"><h4 class=\"vce-faq-toggle-title-text\"><i class=\"vce-faq-toggle-icon\"><\/i>Pourquoi le pH de la peau est-il important?<\/h4><\/div><div class=\"vce-faq-toggle-text-block\"><p>Pour prot\u00e9ger la peau, le manteau acide est primordial. Il s\u2019agit d\u2019une fine pellicule huileuse, compos\u00e9e de sueur et de s\u00e9bum, qui se trouve sur la couche la plus externe de notre peau et la prot\u00e8ge des bact\u00e9ries. De nombreux contaminants susceptibles de p\u00e9n\u00e9trer dans notre peau, tels que les produits chimiques de l\u2019atmosph\u00e8re et les bact\u00e9ries nocives, sont de nature alcaline, ce qui signifie que leur pH est sup\u00e9rieur \u00e0 7. Lorsque l\u2019acide \u00e9limine les bact\u00e9ries, elles ne peuvent pas endommager la peau, mais si vous privez la peau de son manteau acide en utilisant de mauvais produits, il devient beaucoup plus facile pour les bact\u00e9ries de s\u2019y introduire. L\u2019acidit\u00e9 naturelle de notre peau, \u00e9l\u00e9ment important de son syst\u00e8me de d\u00e9fense, neutralise les produits chimiques et les bact\u00e9ries.<\/p><p>L\u2019utilisation de savons, de nettoyants et de d\u00e9tergents trop alcalins d\u00e9s\u00e9quilibre le manteau acide. L\u2019exc\u00e8s de transpiration peut \u00e9galement en \u00eatre la cause. Une trop forte transpiration augmente le niveau de sueur de votre manteau acide, entra\u00eenant ainsi le d\u00e9s\u00e9quilibre naturel de la peau.<\/p><p>Pour conserver l\u2019acidit\u00e9 du manteau de la peau, il faut :<\/p><ul><li>Utiliser des produits de soins de la peau au pH \u00e9quilibr\u00e9<\/li><li>\u00c9viter les savons agressifs<\/li><li>Hydrater fr\u00e9quemment votre peau avec une cr\u00e8me hydratante l\u00e9g\u00e8rement acide<\/li><li>Vous prot\u00e9ger du soleil<\/li><\/ul><p class=\" translation-block\">Maintenir \u00e0 la fois le manteau acide et le pH de la peau est un \u00e9quilibre d\u00e9licat, mais primordial pour neutraliser les bact\u00e9ries nocives, qui peuvent causer l\u2019acn\u00e9, des infections ou des irritations. Les nettoyants pHisoderm<sup>MD<\/sup> CLEAN r\u00e9tablissent l\u2019\u00e9quilibre naturel de la peau pour vous garantir une peau saine.<\/p><\/div><\/div><\/div><\/div><\/div><\/div><\/div><div class=\"vce-col vce-col--md-16-66p vce-col--xs-1 vce-col--xs-last vce-col--xs-first vce-col--sm-last vce-col--sm-first vce-col--md-last vce-col--lg-last vce-col--xl-last\" id=\"el-b5fde5c7\"><div class=\"vce-col-inner\" data-vce-do-apply=\"border margin background  el-b5fde5c7\"><div class=\"vce-col-content\" data-vce-element-content=\"true\" data-vce-do-apply=\"padding el-b5fde5c7\"><\/div><\/div><\/div><\/div><\/div><\/div>","protected":false},"excerpt":{"rendered":"<p>FAQWhich facial cleanser should I use for my skin type?pHisoderm\u00ae CLEAN Blemish-Prone&nbsp;is used for combination, oily and acne-prone skin types.pHisoderm\u00ae CLEAN Sensitive Skin&nbsp;is used for normal to dry, irritated, sensitive skin types. It is also the cleasner you should use if you suffer from skin conditions such as Eczema or Rosacea.Is Vitamin E good for&hellip; <a class=\"more-link\" href=\"https:\/\/phisoderm.ca\/fr\/faq\/\" data-no-translation=\"\" data-trp-gettext=\"\">Continue reading <span class=\"screen-reader-text\">FAQ<\/span><\/a><\/p>","protected":false},"author":1,"featured_media":0,"parent":0,"menu_order":0,"comment_status":"closed","ping_status":"closed","template":"","meta":{"footnotes":""},"class_list":["post-18","page","type-page","status-publish","hentry","entry"],"acf":[],"_links":{"self":[{"href":"https:\/\/phisoderm.ca\/fr\/wp-json\/wp\/v2\/pages\/18","targetHints":{"allow":["GET"]}}],"collection":[{"href":"https:\/\/phisoderm.ca\/fr\/wp-json\/wp\/v2\/pages"}],"about":[{"href":"https:\/\/phisoderm.ca\/fr\/wp-json\/wp\/v2\/types\/page"}],"author":[{"embeddable":true,"href":"https:\/\/phisoderm.ca\/fr\/wp-json\/wp\/v2\/users\/1"}],"replies":[{"embeddable":true,"href":"https:\/\/phisoderm.ca\/fr\/wp-json\/wp\/v2\/comments?post=18"}],"version-history":[{"count":0,"href":"https:\/\/phisoderm.ca\/fr\/wp-json\/wp\/v2\/pages\/18\/revisions"}],"wp:attachment":[{"href":"https:\/\/phisoderm.ca\/fr\/wp-json\/wp\/v2\/media?parent=18"}],"curies":[{"name":"wp","href":"https:\/\/api.w.org\/{rel}","templated":true}]}}